{"id":194286,"date":"2020-10-29T17:19:03","date_gmt":"2020-10-29T16:19:03","guid":{"rendered":"http:\/\/lucymedia.flywheelstaging.com\/?page_id=194286"},"modified":"2026-02-18T11:31:33","modified_gmt":"2026-02-18T10:31:33","slug":"contact-us","status":"publish","type":"page","link":"https:\/\/wpmedia.se\/en\/kontakta-oss\/","title":{"rendered":"Contact us"},"content":{"rendered":"<section class=\"page-content text-content\"><div class=\"container\" >\n<p><\/p>\n<\/div><\/section><div class=\"w-100 clear\"><\/div>\n\n\n<div class=\"wp-block-uagb-container uagb-block-67cc4120 alignfull uagb-is-root-container\"><div class=\"uagb-container-inner-blocks-wrap\">\n<div class=\"wp-block-uagb-container uagb-block-c14aa1e0\">      \n\t\t\t<div data-aos= \"fade-up\" data-aos-duration=\"400\" data-aos-delay=\"0\" data-aos-easing=\"ease\" data-aos-once=\"true\" class=\"uagb-icon-wrapper uagb-block-eb5b61c7\"\n\t\t\tstyle=\"\" >\n\t\t\t\t\t\t\t\t\t<span class=\"uagb-svg-wrapper\" \n\t\t\t\t\t aria-label=\"rocketchat\"\t\t\t\t\ttabindex=\"0\">\t\t\n\t\t\t\t\t\t\t\t\t\t<svg xmlns=\"https:\/\/www.w3.org\/2000\/svg\" viewbox= \"0 0 576 512\" role=\"graphics-symbol\" aria-hidden=\"false\" aria-label=\"\"><path d=\"M284 224.8a34.11 34.11 0 1 0 34.32 34.11A34.22 34.22 0 0 0 284 224.8zm-110.4 0a34.11 34.11 0 1 0 34.32 34.11A34.22 34.22 0 0 0 173.6 224.8zm220.9 0a34.11 34.11 0 1 0 34.32 34.11A34.22 34.22 0 0 0 394.5 224.8zm153.8-55.32c-15.53-24.17-37.31-45.57-64.68-63.62-52.89-34.82-122.4-54-195.7-54a405.1 405.1 0 0 0 -72.03 6.357 238.5 238.5 0 0 0 -49.51-36.59C99.68-11.7 40.86 .711 11.14 11.42A14.29 14.29 0 0 0 5.58 34.78C26.54 56.46 61.22 99.3 52.7 138.3c-33.14 33.9-51.11 74.78-51.11 117.3 0 43.37 17.97 84.25 51.11 118.1 8.526 38.96-26.15 81.82-47.12 103.5a14.28 14.28 0 0 0 5.555 23.34c29.72 10.71 88.55 23.15 155.3-10.2a238.7 238.7 0 0 0 49.51-36.59A405.1 405.1 0 0 0 288 460.1c73.31 0 142.8-19.16 195.7-53.97 27.37-18.05 49.15-39.43 64.68-63.62 17.31-26.92 26.07-55.92 26.07-86.13C574.4 225.4 565.6 196.4 548.3 169.5zM284.1 409.9a345.6 345.6 0 0 1 -89.45-11.5l-20.13 19.39a184.4 184.4 0 0 1 -37.14 27.58 145.8 145.8 0 0 1 -52.52 14.87c.983-1.771 1.881-3.563 2.842-5.356q30.26-55.68 16.33-100.1c-32.99-25.96-52.78-59.2-52.78-95.4 0-83.1 104.3-150.5 232.8-150.5s232.9 67.37 232.9 150.5C517.9 342.5 413.6 409.9 284.1 409.9z\"><\/path><\/svg>\n\t\t\t\t\t\t\t\t\t<\/span>\n\t\t\t\t\t\t\t<\/div>\n\t\t\t\n\n\n<div class=\"wp-block-uagb-advanced-heading uagb-block-9b50f5e9\"><h2 class=\"uagb-heading-text\">Get new customers through digital marketing<\/h2><\/div>\n\n\n<section class=\"page-content text-content\"><div class=\"container\" >\n<p>To be contacted, fill out the form or email us.<\/p>\n<\/div><\/section><div class=\"w-100 clear\"><\/div>\n\n<section class=\"page-content text-content\"><div class=\"container\" >\n<p><a href=\"mailto:kontakt@wpmedia.se\">kontakt@wpmedia.se<\/a><\/p>\n<\/div><\/section><div class=\"w-100 clear\"><\/div><\/div>\n\n\n\n<div class=\"wp-block-uagb-container uagb-block-6b7e8dbe\">\n<iframe\n    src=\"https:\/\/api.leadconnectorhq.com\/widget\/form\/dzntflDlDSAWR235ZtW3\"\n    style=\"width:100%;height:100%;border:none;border-radius:10px\"\n    id=\"inline-dzntflDlDSAWR235ZtW3\" \n    data-layout=\"{'id':'INLINE'}\"\n    data-trigger-type=\"alwaysShow\"\n    data-trigger-value=\"\"\n    data-activation-type=\"alwaysActivated\"\n    data-activation-value=\"\"\n    data-deactivation-type=\"neverDeactivate\"\n    data-deactivation-value=\"\"\n    data-form-name=\"Contact Form | WP Media \"\n    data-height=\"undefined\"\n    data-layout-iframe-id=\"inline-dzntflDlDSAWR235ZtW3\"\n    data-form-id=\"dzntflDlDSAWR235ZtW3\"\n    title=\"Contact Form | WP Media \">\n<\/iframe>\n<script src=\"https:\/\/link.msgsndr.com\/js\/form_embed.js\"><\/script>\n\n\n<\/div>\n<\/div><\/div>\n\n\n<section class=\"page-content text-content\"><div class=\"container\" >\n<p><\/p>\n<\/div><\/section><div class=\"w-100 clear\"><\/div>","protected":false},"excerpt":{"rendered":"<p>F\u00e5 nya kunder genom digital marknadsf\u00f6ring F\u00f6r att bli kontaktad, fyll i formul\u00e4ret eller maila oss. kontakt@wpmedia.se<\/p>","protected":false},"author":1,"featured_media":0,"parent":0,"menu_order":0,"comment_status":"closed","ping_status":"closed","template":"","meta":{"_acf_changed":false,"_uag_custom_page_level_css":"","footnotes":""},"class_list":["post-194286","page","type-page","status-publish","hentry"],"acf":[],"uagb_featured_image_src":{"full":false,"thumbnail":false,"medium":false,"medium_large":false,"large":false,"1536x1536":false,"2048x2048":false,"trp-custom-language-flag":false,"post-thumbnail":false},"uagb_author_info":{"display_name":"Elliott","author_link":"https:\/\/wpmedia.se\/en\/author\/elliott\/"},"uagb_comment_info":0,"uagb_excerpt":"F\u00e5 nya kunder genom digital marknadsf\u00f6ring F\u00f6r att bli kontaktad, fyll i formul\u00e4ret eller maila oss. kontakt@wpmedia.se","_links":{"self":[{"href":"https:\/\/wpmedia.se\/en\/wp-json\/wp\/v2\/pages\/194286","targetHints":{"allow":["GET"]}}],"collection":[{"href":"https:\/\/wpmedia.se\/en\/wp-json\/wp\/v2\/pages"}],"about":[{"href":"https:\/\/wpmedia.se\/en\/wp-json\/wp\/v2\/types\/page"}],"author":[{"embeddable":true,"href":"https:\/\/wpmedia.se\/en\/wp-json\/wp\/v2\/users\/1"}],"replies":[{"embeddable":true,"href":"https:\/\/wpmedia.se\/en\/wp-json\/wp\/v2\/comments?post=194286"}],"version-history":[{"count":0,"href":"https:\/\/wpmedia.se\/en\/wp-json\/wp\/v2\/pages\/194286\/revisions"}],"wp:attachment":[{"href":"https:\/\/wpmedia.se\/en\/wp-json\/wp\/v2\/media?parent=194286"}],"curies":[{"name":"wp","href":"https:\/\/api.w.org\/{rel}","templated":true}]}}