{"id":194280,"date":"2020-10-29T17:17:24","date_gmt":"2020-10-29T16:17:24","guid":{"rendered":"http:\/\/lucymedia.flywheelstaging.com\/?page_id=194280"},"modified":"2026-02-17T11:26:59","modified_gmt":"2026-02-17T10:26:59","slug":"om-oss","status":"publish","type":"page","link":"https:\/\/wpmedia.se\/en\/om-oss\/","title":{"rendered":"About us"},"content":{"rendered":"<section class=\"block block-intro block-intro-2\" id=\"block_2266802e08141b3c4f05db334f666b72\">\n    <div class=\"container\">\n        <div class=\"row\">\n            <div class=\"col-md-6 order-1 order-md-1\">\n                <div class=\"block-intro__inner\">\n                    <h1 class=\"title-page mb-0\">\n                                                <img decoding=\"async\" class=\"spot spot-1 animated\" src=\"https:\/\/wpmedia.se\/wp-content\/themes\/wp-media\/assets\/img\/spot-1.svg\" \/>\n                                                Vill du skala upp din verksamhet och f\u00e5 nya kunder?                     <\/h1>\n                                          <p class=\"text-medium  pt-70\">\n                        <strong>\n                        Vi erbjuder samtliga kanaler inom trafikdrivning och f\u00f6rs\u00e4ljning online. Det kan handla om att \u00f6ka varum\u00e4rkesk\u00e4nnedom i era sociala kanaler eller \u00f6ka antalet leads som genereras.                        <\/strong>\n                      <\/p>\n                                                              <p><span style=\"font-weight: 400;\">V\u00e5r grundid\u00e9 har alltid varit att vara en oberoende akt\u00f6r, transparent i sitt arbete med filosofin att marknadsf\u00f6ring skall vara en investering, inte en kostnad! <\/span><\/p>\n<p><span style=\"font-weight: 400;\">Det inneb\u00e4r att alla v\u00e5ra processer och aktiviteter skall vara aff\u00e4rsdrivande med syfte att \u00f6ka v\u00e5ra kunders f\u00f6rs\u00e4ljning och utveckling. Vi arbetar d\u00e4rf\u00f6r med separata strategier och m\u00e5lbilder f\u00f6r att uppn\u00e5 resultat b\u00e5de p\u00e5 ett kortsiktigt och l\u00e5ngsiktigt plan.<\/span><\/p>\n                                    <\/div>\n            <\/div>\n            <div class=\"col-md-6 mt-5 mt-md-0 order-3 order-md-2\">\n                              <img decoding=\"async\" src=\"https:\/\/wpmedia.se\/wp-content\/uploads\/2023\/09\/Online-world-amico.svg\" alt=\"Vill du skala upp din verksamhet och f\u00e5 nya kunder? \"  class=\"block-intro__img animated\" \/>\n                          <\/div>\n                        <div class=\"col-md-6 offset-md-4 mt-3 mt-md-5 order-2 order-md-3\">\n              <p><img decoding=\"async\" class=\"spot\" src=\"\/wp-content\/themes\/wp-media\/assets\/img\/spot-1.svg\" \/><br \/>\nWe specialize in digital communication and media planning and always focus on increasing our customers' conversion.<\/p>\n            <\/div>\n                    <\/div>\n    <\/div>\n<\/section>\n\n\n<section class=\"block block-team d-none\" id=\"block_6532dd98931690b0e43c54578d8f93f7\">\n    <div class=\"container\">\n        <div class=\"row\">\n                        <div class=\"col-12\">\n                <h3 class=\"text-medium\">\n                    Our Team\n                <\/h3>\n            <\/div>\n            \n            \n            <div class=\"col-md-4\">\n                <div class=\"block-team__inner block-team__inner-1\">\n                    <!--<img decoding=\"async\" src=\"https:\/\/wpmedia.se\/wp-content\/uploads\/2020\/10\/team-1.jpg\" alt=\"\" \/>-->\n                    <div class=\"mask mask-team animated\">\n                        <svg width=\"286\" height=\"295\" viewbox=\"0 0 286 295\">\n                            <image x=\"0\" y=\"0\" width=\"286\" height=\"295\" xmlns:xlink=\"http:\/\/www.w3.org\/1999\/xlink\" xlink:href=\"https:\/\/wpmedia.se\/wp-content\/uploads\/2020\/10\/team-1.jpg\" \/>\n                        <\/svg>\n                    <\/div>\n                    <div class=\"block-team__name text-medium\">Marius<\/div>\n                    <div class=\"block-team__text\">V\u00e5r Go-to-guy n\u00e4r det g\u00e4ller s\u00e4tta upp digitala strategier. Han \u00e4r utbildad Civilekonom med marknadsf\u00f6ring som inriktning. Han \u00e4r ocks\u00e5 utbildad inom omr\u00e5det Digital Marketing p\u00e5 Berghs School of Communication. <\/div>\n                <\/div>\n            <\/div>\n\n            \n            <div class=\"col-md-4\">\n                <div class=\"block-team__inner block-team__inner-2\">\n                    <!--<img decoding=\"async\" src=\"https:\/\/wpmedia.se\/wp-content\/uploads\/2020\/10\/team-2.jpg\" alt=\"\" \/>-->\n                    <div class=\"mask mask-team animated\">\n                        <svg width=\"286\" height=\"295\" viewbox=\"0 0 286 295\">\n                            <image x=\"0\" y=\"0\" width=\"286\" height=\"295\" xmlns:xlink=\"http:\/\/www.w3.org\/1999\/xlink\" xlink:href=\"https:\/\/wpmedia.se\/wp-content\/uploads\/2020\/10\/team-2.jpg\" \/>\n                        <\/svg>\n                    <\/div>\n                    <div class=\"block-team__name text-medium\">Jessica<\/div>\n                    <div class=\"block-team__text\">Jessica \u00e4r v\u00e5rt digitala proffs och har sin passion inom SEM och influencer marketing. Hon skr\u00e4ddarsyr kampanjer och kopplar ihop ditt f\u00f6retag med r\u00e4tt profiler f\u00f6r att boosta ditt varum\u00e4rke.<\/div>\n                <\/div>\n            <\/div>\n\n            \n            <div class=\"col-md-4\">\n                <div class=\"block-team__inner block-team__inner-3\">\n                    <!--<img decoding=\"async\" src=\"https:\/\/wpmedia.se\/wp-content\/uploads\/2020\/10\/team-3.jpg\" alt=\"\" \/>-->\n                    <div class=\"mask mask-team animated\">\n                        <svg width=\"286\" height=\"295\" viewbox=\"0 0 286 295\">\n                            <image x=\"0\" y=\"0\" width=\"286\" height=\"295\" xmlns:xlink=\"http:\/\/www.w3.org\/1999\/xlink\" xlink:href=\"https:\/\/wpmedia.se\/wp-content\/uploads\/2020\/10\/team-3.jpg\" \/>\n                        <\/svg>\n                    <\/div>\n                    <div class=\"block-team__name text-medium\">Elliott<\/div>\n                    <div class=\"block-team__text\">V\u00e5r Go-to-tech guy, Elliott har ett l\u00e5ngt f\u00f6rflutet inom omr\u00e5dena UI\/UX Designer &amp; Front-end Developer. Han har m\u00e5nga prestige fyllda uppdrag i bagaget stora som sm\u00e5 bla f\u00f6r Xlash, Vattenfall och Polismyndigheten. <\/div>\n                <\/div>\n            <\/div>\n\n            \n        <\/div>\n    <\/div>\n<\/section>\n\n\n\n\n<section class=\"block block-happy\" id=\"block_5aa9a51e75121c11d5df603388765bca\">\n    <div class=\"container\">\n        <div class=\"row\">\n            <div class=\"col-12\">\n                <h3 class=\"title mb-0 text-center\">\n                                        <img decoding=\"async\" class=\"spot spot-3 animated\" src=\"https:\/\/wpmedia.se\/wp-content\/themes\/wp-media\/assets\/img\/spot-3.svg\" \/>\n                                        Beh\u00f6ver du hj\u00e4lp med din digitala marknadsf\u00f6ring? Kontakta oss redan idag!                <\/h3>\n            <\/div>\n        <\/div>\n    <\/div>\n<\/section>","protected":false},"excerpt":{"rendered":"","protected":false},"author":1,"featured_media":0,"parent":0,"menu_order":0,"comment_status":"closed","ping_status":"closed","template":"","meta":{"_acf_changed":false,"inline_featured_image":false,"_uag_custom_page_level_css":"","footnotes":""},"class_list":["post-194280","page","type-page","status-publish","hentry"],"acf":[],"uagb_featured_image_src":{"full":false,"thumbnail":false,"medium":false,"medium_large":false,"large":false,"1536x1536":false,"2048x2048":false,"trp-custom-language-flag":false,"post-thumbnail":false},"uagb_author_info":{"display_name":"Elliott","author_link":"https:\/\/wpmedia.se\/en\/author\/elliott\/"},"uagb_comment_info":0,"uagb_excerpt":null,"_links":{"self":[{"href":"https:\/\/wpmedia.se\/en\/wp-json\/wp\/v2\/pages\/194280","targetHints":{"allow":["GET"]}}],"collection":[{"href":"https:\/\/wpmedia.se\/en\/wp-json\/wp\/v2\/pages"}],"about":[{"href":"https:\/\/wpmedia.se\/en\/wp-json\/wp\/v2\/types\/page"}],"author":[{"embeddable":true,"href":"https:\/\/wpmedia.se\/en\/wp-json\/wp\/v2\/users\/1"}],"replies":[{"embeddable":true,"href":"https:\/\/wpmedia.se\/en\/wp-json\/wp\/v2\/comments?post=194280"}],"version-history":[{"count":0,"href":"https:\/\/wpmedia.se\/en\/wp-json\/wp\/v2\/pages\/194280\/revisions"}],"wp:attachment":[{"href":"https:\/\/wpmedia.se\/en\/wp-json\/wp\/v2\/media?parent=194280"}],"curies":[{"name":"wp","href":"https:\/\/api.w.org\/{rel}","templated":true}]}}