{"id":194042,"date":"2018-08-07T19:12:15","date_gmt":"2018-08-07T18:12:15","guid":{"rendered":"https:\/\/lucymedia.local\/cookie-policy\/"},"modified":"2023-09-06T22:22:39","modified_gmt":"2023-09-06T21:22:39","slug":"privacy-policy","status":"publish","type":"page","link":"https:\/\/wpmedia.se\/en\/privacy-policy\/","title":{"rendered":"Privacy Policy"},"content":{"rendered":"<section class=\"page-content text-content\"><div class=\"container\" >\n<p>F\u00f6r WP Media Nordic AB \u00e4r personlig integritet viktigt. Vi efterstr\u00e4var en h\u00f6g niv\u00e5 av dataskydd. I denna policy f\u00f6rklarar vi hur vi samlar in och anv\u00e4nder personuppgifter. Vi beskriver ocks\u00e5 dina r\u00e4ttigheter och hur du kan g\u00f6ra dem g\u00e4llande.<\/p>\n<\/div><\/section><div class=\"w-100 clear\"><\/div>\n\n<section class=\"page-content text-content\"><div class=\"container\" >\n<p>Du \u00e4r alltid v\u00e4lkommen att kontakta oss om du har fr\u00e5gor om hur vi behandlar dina personuppgifter. Kontaktuppgifter st\u00e5r sist i denna text.<\/p>\n<\/div><\/section><div class=\"w-100 clear\"><\/div>\n\n<section class=\"before-heading block\"><\/section><section class=\"page-content heading-content\"><div class=\"container\">\n<h2 class=\"wp-block-heading\">Vad \u00e4r en personuppgift och vad \u00e4r en behandling av personuppgifter?<\/h2>\n<\/div><\/section>\n\n<section class=\"page-content text-content\"><div class=\"container\" >\n<p>Personuppgifter \u00e4r alla uppgifter om en levande fysisk person som direkt eller indirekt kan kopplas till den personen. Det handlar inte bara om namn och personnummer utan \u00e4ven om till exempel bilder och e-postadresser.<\/p>\n<\/div><\/section><div class=\"w-100 clear\"><\/div>\n\n<section class=\"page-content text-content\"><div class=\"container\" >\n<p>Behandling av personuppgifter \u00e4r allt som sker med personuppgifterna i IT-systemen, oavsett om det handlar om mobila enheter eller datorer. Det handlar om till exempel insamling, registrering, strukturering, lagring, bearbetning och \u00f6verf\u00f6ring. I vissa fall kan \u00e4ven manuella register omfattas.<\/p>\n<\/div><\/section><div class=\"w-100 clear\"><\/div>\n\n<section class=\"before-heading block\"><\/section><section class=\"page-content heading-content\"><div class=\"container\">\n<h2 class=\"wp-block-heading\">Personuppgiftsansvarig<\/h2>\n<\/div><\/section>\n\n<section class=\"page-content text-content\"><div class=\"container\" >\n<p>F\u00f6r de behandlingar som sker inom WP Media Nordic AB:s verksamhet \u00e4r bolaget personuppgiftsansvarig. (org.nr 556856-2382).<\/p>\n<\/div><\/section><div class=\"w-100 clear\"><\/div>\n\n<section class=\"before-heading block\"><\/section><section class=\"page-content heading-content\"><div class=\"container\">\n<h2 class=\"wp-block-heading\">Vilka personuppgifter samlar vi in om dig och varf\u00f6r?<\/h2>\n<\/div><\/section>\n\n<section class=\"page-content text-content\"><div class=\"container\" >\n<p>Vi behandlar i huvudsak ditt namn, adress och kontaktuppgifter vid best\u00e4llningar av tj\u00e4nster.<\/p>\n<\/div><\/section><div class=\"w-100 clear\"><\/div>\n\n<section class=\"before-heading block\"><\/section><section class=\"page-content heading-content\"><div class=\"container\">\n<h2 class=\"wp-block-heading\">Hur l\u00e4nge sparar vi dina personuppgifter?<\/h2>\n<\/div><\/section>\n\n<section class=\"page-content text-content\"><div class=\"container\" >\n<p>Vi sparar aldrig dina personuppgifter l\u00e4ngre \u00e4n vad som \u00e4r n\u00f6dv\u00e4ndigt f\u00f6r respektive \u00e4ndam\u00e5l. Vissa uppgifter i bokf\u00f6ringen beh\u00f6ver p\u00e5 grund av lagstiftning till exempel sparas minst sju \u00e5r.<\/p>\n<\/div><\/section><div class=\"w-100 clear\"><\/div>\n\n<section class=\"before-heading block\"><\/section><section class=\"page-content heading-content\"><div class=\"container\">\n<h2 class=\"wp-block-heading\">Vad \u00e4r dina r\u00e4ttigheter som registrerad?<\/h2>\n<\/div><\/section>\n\n<section class=\"page-content text-content\"><div class=\"container\" >\n<p>Som registrerad har du enligt g\u00e4llande lagstiftning ett antal r\u00e4ttigheter. Du har r\u00e4tt till att f\u00e5 ett utdrag som visar vilka personuppgifter vi har registrerade om dig. Du kan beg\u00e4ra r\u00e4ttelse av felaktiga uppgifter och i vissa fall radering.<\/p>\n<\/div><\/section><div class=\"w-100 clear\"><\/div>\n\n<section class=\"before-heading block\"><\/section><section class=\"page-content heading-content\"><div class=\"container\">\n<h2 class=\"wp-block-heading\">Kontakta oss vid fr\u00e5gor om hur vi behandlar personuppgifter.<\/h2>\n<\/div><\/section>\n\n<section class=\"page-content text-content\"><div class=\"container\" >\n<p>Om du har fr\u00e5gor om hur vi behandlar personuppgifter kontakta oss via v\u00e5r&nbsp;<a href=\"https:\/\/wpmedia.se\/en\/contact-us\/\">kontaktformul\u00e4r<\/a>&nbsp;f\u00f6r personuppgiftsfr\u00e5gor.<\/p>\n<\/div><\/section><div class=\"w-100 clear\"><\/div>\n\n<section class=\"page-content text-content\"><div class=\"container\" >\n<p>Vi kan komma att g\u00f6ra \u00e4ndringar i v\u00e5r integritetspolicy. Den senaste versionen av integritetspolicyn finns alltid h\u00e4r p\u00e5 webbplatsen.<\/p>\n<\/div><\/section><div class=\"w-100 clear\"><\/div>","protected":false},"excerpt":{"rendered":"<p>F\u00f6r WP Media Nordic AB \u00e4r personlig integritet viktigt. Vi efterstr\u00e4var en h\u00f6g niv\u00e5 av dataskydd. I denna policy f\u00f6rklarar vi hur vi samlar in och anv\u00e4nder personuppgifter. Vi beskriver&#8230;<\/p>","protected":false},"author":1,"featured_media":0,"parent":0,"menu_order":0,"comment_status":"closed","ping_status":"closed","template":"","meta":{"_acf_changed":false,"inline_featured_image":false,"_uag_custom_page_level_css":"","footnotes":""},"class_list":["post-194042","page","type-page","status-publish","hentry"],"acf":[],"uagb_featured_image_src":{"full":false,"thumbnail":false,"medium":false,"medium_large":false,"large":false,"1536x1536":false,"2048x2048":false,"trp-custom-language-flag":false,"post-thumbnail":false},"uagb_author_info":{"display_name":"Elliott","author_link":"https:\/\/wpmedia.se\/en\/author\/elliott\/"},"uagb_comment_info":0,"uagb_excerpt":"F\u00f6r WP Media Nordic AB \u00e4r personlig integritet viktigt. Vi efterstr\u00e4var en h\u00f6g niv\u00e5 av dataskydd. I denna policy f\u00f6rklarar vi hur vi samlar in och anv\u00e4nder personuppgifter. Vi beskriver...","_links":{"self":[{"href":"https:\/\/wpmedia.se\/en\/wp-json\/wp\/v2\/pages\/194042","targetHints":{"allow":["GET"]}}],"collection":[{"href":"https:\/\/wpmedia.se\/en\/wp-json\/wp\/v2\/pages"}],"about":[{"href":"https:\/\/wpmedia.se\/en\/wp-json\/wp\/v2\/types\/page"}],"author":[{"embeddable":true,"href":"https:\/\/wpmedia.se\/en\/wp-json\/wp\/v2\/users\/1"}],"replies":[{"embeddable":true,"href":"https:\/\/wpmedia.se\/en\/wp-json\/wp\/v2\/comments?post=194042"}],"version-history":[{"count":0,"href":"https:\/\/wpmedia.se\/en\/wp-json\/wp\/v2\/pages\/194042\/revisions"}],"wp:attachment":[{"href":"https:\/\/wpmedia.se\/en\/wp-json\/wp\/v2\/media?parent=194042"}],"curies":[{"name":"wp","href":"https:\/\/api.w.org\/{rel}","templated":true}]}}